{"id":13,"date":"2024-01-04T17:44:12","date_gmt":"2024-01-04T17:44:12","guid":{"rendered":"https:\/\/healthwise.si\/?page_id=13"},"modified":"2025-02-11T13:49:28","modified_gmt":"2025-02-11T13:49:28","slug":"predinkubacija","status":"publish","type":"page","link":"https:\/\/healthwise.si\/en\/predinkubacija\/","title":{"rendered":"Predinkubacija"},"content":{"rendered":"<div data-elementor-type=\"wp-post\" data-elementor-id=\"13\" class=\"elementor elementor-13\">\n\t\t\t\t<div class=\"elementor-element elementor-element-b9ff0d9 e-flex e-con-boxed e-con e-parent\" data-id=\"b9ff0d9\" data-element_type=\"container\" data-settings=\"{&quot;background_background&quot;:&quot;classic&quot;}\">\n\t\t\t\t\t<div class=\"e-con-inner\">\n\t\t\t\t\t<\/div>\n\t\t\t\t<\/div>\n\t\t<div class=\"elementor-element elementor-element-df7d80b e-flex e-con-boxed e-con e-parent\" data-id=\"df7d80b\" data-element_type=\"container\">\n\t\t\t\t\t<div class=\"e-con-inner\">\n\t\t<div class=\"elementor-element elementor-element-7dd9c94 e-con-full e-flex e-con e-child\" data-id=\"7dd9c94\" data-element_type=\"container\">\n\t\t\t\t<\/div>\n\t\t<div class=\"elementor-element elementor-element-1426876 e-con-full e-flex e-con e-child\" data-id=\"1426876\" data-element_type=\"container\">\n\t\t\t\t<div class=\"elementor-element elementor-element-63902eb elementor-widget elementor-widget-spacer\" data-id=\"63902eb\" data-element_type=\"widget\" data-widget_type=\"spacer.default\">\n\t\t\t\t<div class=\"elementor-widget-container\">\n\t\t\t\t\t\t\t<div class=\"elementor-spacer\">\n\t\t\t<div class=\"elementor-spacer-inner\"><\/div>\n\t\t<\/div>\n\t\t\t\t\t\t<\/div>\n\t\t\t\t<\/div>\n\t\t\t\t<div class=\"elementor-element elementor-element-02153b4 elementor-widget elementor-widget-iheading2\" data-id=\"02153b4\" data-element_type=\"widget\" data-widget_type=\"iheading2.default\">\n\t\t\t\t<div class=\"elementor-widget-container\">\n\t\t\t\t\t\t\t<div class=\"ot-heading\">\r\n\t        <h2 class=\"main-heading\">Razvijte svojo inovativno idejo v uspe\u0161en projekt!<\/h2>\t    <\/div>\r\n\t    \t\t\t\t<\/div>\n\t\t\t\t<\/div>\n\t\t\t\t<div class=\"elementor-element elementor-element-e50e803 elementor-widget elementor-widget-spacer\" data-id=\"e50e803\" data-element_type=\"widget\" data-widget_type=\"spacer.default\">\n\t\t\t\t<div class=\"elementor-widget-container\">\n\t\t\t\t\t\t\t<div class=\"elementor-spacer\">\n\t\t\t<div class=\"elementor-spacer-inner\"><\/div>\n\t\t<\/div>\n\t\t\t\t\t\t<\/div>\n\t\t\t\t<\/div>\n\t\t\t\t<\/div>\n\t\t<div class=\"elementor-element elementor-element-5a491c6 e-con-full e-flex e-con e-child\" data-id=\"5a491c6\" data-element_type=\"container\">\n\t\t\t\t<\/div>\n\t\t\t\t\t<\/div>\n\t\t\t\t<\/div>\n\t\t<div class=\"elementor-element elementor-element-3131309 e-flex e-con-boxed e-con e-parent\" data-id=\"3131309\" data-element_type=\"container\">\n\t\t\t\t\t<div class=\"e-con-inner\">\n\t\t<div class=\"elementor-element elementor-element-7775568 e-con-full e-flex e-con e-child\" data-id=\"7775568\" data-element_type=\"container\">\n\t\t\t\t<div class=\"elementor-element elementor-element-785bd8e elementor-widget elementor-widget-text-editor\" data-id=\"785bd8e\" data-element_type=\"widget\" data-widget_type=\"text-editor.default\">\n\t\t\t\t<div class=\"elementor-widget-container\">\n\t\t\t\t\t\t\t\t\t<p data-start=\"184\" data-end=\"458\">Imate idejo, ki lahko izbolj\u0161a zdravje, optimizira telesno pripravljenost ali prinese preboj v biotehnologiji?<\/p><p><strong data-start=\"295\" data-end=\"314\">HealthStart 1.0<\/strong> je predinkubacijski program, zasnovan za <strong data-start=\"356\" data-end=\"396\">raziskovalce, \u0161tudente in inovatorje<\/strong>, ki \u017eelijo svoje inovacije preoblikovati v uspe\u0161ne re\u0161itve.<\/p><p data-start=\"460\" data-end=\"842\">V programu boste skozi <strong data-start=\"483\" data-end=\"545\">interaktivna sre\u010danja, mentorsko podporo in prakti\u010dno delo<\/strong> pridobili klju\u010dna znanja za:<\/p>\t\t\t\t\t\t\t\t<\/div>\n\t\t\t\t<\/div>\n\t\t\t\t<div class=\"elementor-element elementor-element-7352934 elementor-icon-list--layout-traditional elementor-list-item-link-full_width elementor-widget elementor-widget-icon-list\" data-id=\"7352934\" data-element_type=\"widget\" data-widget_type=\"icon-list.default\">\n\t\t\t\t<div class=\"elementor-widget-container\">\n\t\t\t\t\t\t\t<ul class=\"elementor-icon-list-items\">\n\t\t\t\t\t\t\t<li class=\"elementor-icon-list-item\">\n\t\t\t\t\t\t\t\t\t\t\t<span class=\"elementor-icon-list-icon\">\n\t\t\t\t\t\t\t<svg aria-hidden=\"true\" class=\"e-font-icon-svg e-fas-check\" viewbox=\"0 0 512 512\" xmlns=\"http:\/\/www.w3.org\/2000\/svg\"><path d=\"M173.898 439.404l-166.4-166.4c-9.997-9.997-9.997-26.206 0-36.204l36.203-36.204c9.997-9.998 26.207-9.998 36.204 0L192 312.69 432.095 72.596c9.997-9.997 26.207-9.997 36.204 0l36.203 36.204c9.997 9.997 9.997 26.206 0 36.204l-294.4 294.401c-9.998 9.997-26.207 9.997-36.204-.001z\"><\/path><\/svg>\t\t\t\t\t\t<\/span>\n\t\t\t\t\t\t\t\t\t\t<span class=\"elementor-icon-list-text\">Razvoj inovacij na podro\u010dju zdravstva, \u0161porta in biotehnologije<\/span>\n\t\t\t\t\t\t\t\t\t<\/li>\n\t\t\t\t\t\t\t\t<li class=\"elementor-icon-list-item\">\n\t\t\t\t\t\t\t\t\t\t\t<span class=\"elementor-icon-list-icon\">\n\t\t\t\t\t\t\t<svg aria-hidden=\"true\" class=\"e-font-icon-svg e-fas-check\" viewbox=\"0 0 512 512\" xmlns=\"http:\/\/www.w3.org\/2000\/svg\"><path d=\"M173.898 439.404l-166.4-166.4c-9.997-9.997-9.997-26.206 0-36.204l36.203-36.204c9.997-9.998 26.207-9.998 36.204 0L192 312.69 432.095 72.596c9.997-9.997 26.207-9.997 36.204 0l36.203 36.204c9.997 9.997 9.997 26.206 0 36.204l-294.4 294.401c-9.998 9.997-26.207 9.997-36.204-.001z\"><\/path><\/svg>\t\t\t\t\t\t<\/span>\n\t\t\t\t\t\t\t\t\t\t<span class=\"elementor-icon-list-text\">Razumevanje potreb trga in validacijo va\u0161e ideje<\/span>\n\t\t\t\t\t\t\t\t\t<\/li>\n\t\t\t\t\t\t\t\t<li class=\"elementor-icon-list-item\">\n\t\t\t\t\t\t\t\t\t\t\t<span class=\"elementor-icon-list-icon\">\n\t\t\t\t\t\t\t<svg aria-hidden=\"true\" class=\"e-font-icon-svg e-fas-check\" viewbox=\"0 0 512 512\" xmlns=\"http:\/\/www.w3.org\/2000\/svg\"><path d=\"M173.898 439.404l-166.4-166.4c-9.997-9.997-9.997-26.206 0-36.204l36.203-36.204c9.997-9.998 26.207-9.998 36.204 0L192 312.69 432.095 72.596c9.997-9.997 26.207-9.997 36.204 0l36.203 36.204c9.997 9.997 9.997 26.206 0 36.204l-294.4 294.401c-9.998 9.997-26.207 9.997-36.204-.001z\"><\/path><\/svg>\t\t\t\t\t\t<\/span>\n\t\t\t\t\t\t\t\t\t\t<span class=\"elementor-icon-list-text\">Povezovanje s strokovnjaki in klju\u010dnimi dele\u017eniki v industriji<\/span>\n\t\t\t\t\t\t\t\t\t<\/li>\n\t\t\t\t\t\t\t\t<li class=\"elementor-icon-list-item\">\n\t\t\t\t\t\t\t\t\t\t\t<span class=\"elementor-icon-list-icon\">\n\t\t\t\t\t\t\t<svg aria-hidden=\"true\" class=\"e-font-icon-svg e-fas-check\" viewbox=\"0 0 512 512\" xmlns=\"http:\/\/www.w3.org\/2000\/svg\"><path d=\"M173.898 439.404l-166.4-166.4c-9.997-9.997-9.997-26.206 0-36.204l36.203-36.204c9.997-9.998 26.207-9.998 36.204 0L192 312.69 432.095 72.596c9.997-9.997 26.207-9.997 36.204 0l36.203 36.204c9.997 9.997 9.997 26.206 0 36.204l-294.4 294.401c-9.998 9.997-26.207 9.997-36.204-.001z\"><\/path><\/svg>\t\t\t\t\t\t<\/span>\n\t\t\t\t\t\t\t\t\t\t<span class=\"elementor-icon-list-text\">Pripravo na prve investicije, razpise in nadaljnji razvoj<\/span>\n\t\t\t\t\t\t\t\t\t<\/li>\n\t\t\t\t\t\t<\/ul>\n\t\t\t\t\t\t<\/div>\n\t\t\t\t<\/div>\n\t\t\t\t<\/div>\n\t\t<div class=\"elementor-element elementor-element-3ace22f e-con-full e-flex e-con e-child\" data-id=\"3ace22f\" data-element_type=\"container\">\n\t\t\t\t<div class=\"elementor-element elementor-element-dff9ad3 elementor-widget elementor-widget-image\" data-id=\"dff9ad3\" data-element_type=\"widget\" data-widget_type=\"image.default\">\n\t\t\t\t<div class=\"elementor-widget-container\">\n\t\t\t\t\t\t\t\t\t\t\t\t\t\t\t<img fetchpriority=\"high\" decoding=\"async\" width=\"1024\" height=\"683\" src=\"https:\/\/healthwise.si\/wp-content\/uploads\/2025\/02\/IMG_1275-1024x683.jpg\" class=\"attachment-large size-large wp-image-1212\" alt=\"\" srcset=\"https:\/\/healthwise.si\/wp-content\/uploads\/2025\/02\/IMG_1275-1024x683.jpg 1024w, https:\/\/healthwise.si\/wp-content\/uploads\/2025\/02\/IMG_1275-300x200.jpg 300w, https:\/\/healthwise.si\/wp-content\/uploads\/2025\/02\/IMG_1275-768x512.jpg 768w, https:\/\/healthwise.si\/wp-content\/uploads\/2025\/02\/IMG_1275-1536x1024.jpg 1536w, https:\/\/healthwise.si\/wp-content\/uploads\/2025\/02\/IMG_1275-18x12.jpg 18w, https:\/\/healthwise.si\/wp-content\/uploads\/2025\/02\/IMG_1275-720x480.jpg 720w, https:\/\/healthwise.si\/wp-content\/uploads\/2025\/02\/IMG_1275.jpg 1920w\" sizes=\"(max-width: 1024px) 100vw, 1024px\" \/>\t\t\t\t\t\t\t\t\t\t\t\t\t\t\t<\/div>\n\t\t\t\t<\/div>\n\t\t\t\t<\/div>\n\t\t\t\t\t<\/div>\n\t\t\t\t<\/div>\n\t\t<div class=\"elementor-element elementor-element-3edbbcf e-flex e-con-boxed e-con e-parent\" data-id=\"3edbbcf\" data-element_type=\"container\">\n\t\t\t\t\t<div class=\"e-con-inner\">\n\t\t<div class=\"elementor-element elementor-element-4400988 e-con-full e-flex e-con e-child\" data-id=\"4400988\" data-element_type=\"container\">\n\t\t\t\t<div class=\"elementor-element elementor-element-0b4072e elementor-widget elementor-widget-image\" data-id=\"0b4072e\" data-element_type=\"widget\" data-widget_type=\"image.default\">\n\t\t\t\t<div class=\"elementor-widget-container\">\n\t\t\t\t\t\t\t\t\t\t\t\t\t\t\t<img decoding=\"async\" width=\"1024\" height=\"683\" src=\"https:\/\/healthwise.si\/wp-content\/uploads\/2025\/02\/IMG_1350-1024x683.jpg\" class=\"attachment-large size-large wp-image-1215\" alt=\"\" srcset=\"https:\/\/healthwise.si\/wp-content\/uploads\/2025\/02\/IMG_1350-1024x683.jpg 1024w, https:\/\/healthwise.si\/wp-content\/uploads\/2025\/02\/IMG_1350-300x200.jpg 300w, https:\/\/healthwise.si\/wp-content\/uploads\/2025\/02\/IMG_1350-768x512.jpg 768w, https:\/\/healthwise.si\/wp-content\/uploads\/2025\/02\/IMG_1350-1536x1024.jpg 1536w, https:\/\/healthwise.si\/wp-content\/uploads\/2025\/02\/IMG_1350-18x12.jpg 18w, https:\/\/healthwise.si\/wp-content\/uploads\/2025\/02\/IMG_1350-720x480.jpg 720w, https:\/\/healthwise.si\/wp-content\/uploads\/2025\/02\/IMG_1350.jpg 1920w\" sizes=\"(max-width: 1024px) 100vw, 1024px\" \/>\t\t\t\t\t\t\t\t\t\t\t\t\t\t\t<\/div>\n\t\t\t\t<\/div>\n\t\t\t\t<\/div>\n\t\t<div class=\"elementor-element elementor-element-068b7bf e-con-full e-flex e-con e-child\" data-id=\"068b7bf\" data-element_type=\"container\">\n\t\t\t\t<div class=\"elementor-element elementor-element-1dc7716 elementor-widget elementor-widget-text-editor\" data-id=\"1dc7716\" data-element_type=\"widget\" data-widget_type=\"text-editor.default\">\n\t\t\t\t<div class=\"elementor-widget-container\">\n\t\t\t\t\t\t\t\t\t<h4 data-start=\"367\" data-end=\"402\"><strong data-start=\"371\" data-end=\"400\">HealthStart 1.0 \u2013 va\u0161 prvi korak k inovacijam v zdravju<br \/><br \/>Kako poteka?<\/strong><\/h4><p data-start=\"403\" data-end=\"713\">\u2705 <strong data-start=\"405\" data-end=\"429\">Strukturiran program<\/strong> \u2013 4 sre\u010danja z izku\u0161enimi mentorji<br data-start=\"464\" data-end=\"467\" \/>\u2705 <strong data-start=\"469\" data-end=\"489\">Prakti\u010dna znanja<\/strong> \u2013 kako razviti idejo, jo testirati in pripraviti za trg<br data-start=\"545\" data-end=\"548\" \/>\u2705 <strong data-start=\"550\" data-end=\"575\">Podpora strokovnjakov<\/strong> \u2013 dostop do mentorjev in podjetni\u0161kih svetovalcev<br data-start=\"625\" data-end=\"628\" \/>\u2705 <strong data-start=\"630\" data-end=\"657\">Povezovanje in mre\u017eenje<\/strong> \u2013 sre\u010danja z investitorji, podjetniki in raziskovalci<\/p><p data-start=\"715\" data-end=\"807\">\u00a0<\/p>\t\t\t\t\t\t\t\t<\/div>\n\t\t\t\t<\/div>\n\t\t\t\t<\/div>\n\t\t\t\t\t<\/div>\n\t\t\t\t<\/div>\n\t\t<div class=\"elementor-element elementor-element-a1a8c8d e-flex e-con-boxed e-con e-parent\" data-id=\"a1a8c8d\" data-element_type=\"container\" data-settings=\"{&quot;background_background&quot;:&quot;classic&quot;}\">\n\t\t\t\t\t<div class=\"e-con-inner\">\n\t\t\t\t<div class=\"elementor-element elementor-element-34476f0 elementor-widget elementor-widget-text-editor\" data-id=\"34476f0\" data-element_type=\"widget\" data-widget_type=\"text-editor.default\">\n\t\t\t\t<div class=\"elementor-widget-container\">\n\t\t\t\t\t\t\t\t\t<p><strong data-start=\"718\" data-end=\"746\">Program se za\u010dne jeseni!<\/strong>&nbsp;<\/p><p>Prijavite se zdaj in si zagotovite mesto na \u010dakalni listi.<\/p>\t\t\t\t\t\t\t\t<\/div>\n\t\t\t\t<\/div>\n\t\t\t\t<div class=\"elementor-element elementor-element-9a2357a elementor-align-center elementor-widget elementor-widget-button\" data-id=\"9a2357a\" data-element_type=\"widget\" data-widget_type=\"button.default\">\n\t\t\t\t<div class=\"elementor-widget-container\">\n\t\t\t\t\t\t\t\t\t<div class=\"elementor-button-wrapper\">\n\t\t\t\t\t<a class=\"elementor-button elementor-button-link elementor-size-sm\" href=\"https:\/\/docs.google.com\/forms\/d\/e\/1FAIpQLSeOIuNLdi8ZQP0QNy687IQ-8kyKceivGWEcCUVDGKqZeRDZyQ\/viewform?usp=header\">\n\t\t\t\t\t\t<span class=\"elementor-button-content-wrapper\">\n\t\t\t\t\t\t\t\t\t<span class=\"elementor-button-text\"><b>ODDAJ PRIJAVO<\/b><\/span>\n\t\t\t\t\t<\/span>\n\t\t\t\t\t<\/a>\n\t\t\t\t<\/div>\n\t\t\t\t\t\t\t\t<\/div>\n\t\t\t\t<\/div>\n\t\t\t\t\t<\/div>\n\t\t\t\t<\/div>\n\t\t\t\t<\/div>","protected":false},"excerpt":{"rendered":"<p>Razvijte svojo inovativno idejo v uspe\u0161en projekt! Imate idejo, ki lahko izbolj\u0161a zdravje, optimizira telesno pripravljenost ali prinese preboj v biotehnologiji? HealthStart 1.0 je predinkubacijski program, zasnovan za raziskovalce, \u0161tudente in inovatorje, ki \u017eelijo svoje inovacije preoblikovati v uspe\u0161ne re\u0161itve. V programu boste skozi interaktivna sre\u010danja, mentorsko podporo in prakti\u010dno delo pridobili klju\u010dna znanja za: [&hellip;]<\/p>","protected":false},"author":1,"featured_media":0,"parent":0,"menu_order":0,"comment_status":"closed","ping_status":"closed","template":"","meta":{"footnotes":""},"class_list":["post-13","page","type-page","status-publish","hentry"],"_links":{"self":[{"href":"https:\/\/healthwise.si\/en\/wp-json\/wp\/v2\/pages\/13","targetHints":{"allow":["GET"]}}],"collection":[{"href":"https:\/\/healthwise.si\/en\/wp-json\/wp\/v2\/pages"}],"about":[{"href":"https:\/\/healthwise.si\/en\/wp-json\/wp\/v2\/types\/page"}],"author":[{"embeddable":true,"href":"https:\/\/healthwise.si\/en\/wp-json\/wp\/v2\/users\/1"}],"replies":[{"embeddable":true,"href":"https:\/\/healthwise.si\/en\/wp-json\/wp\/v2\/comments?post=13"}],"version-history":[{"count":28,"href":"https:\/\/healthwise.si\/en\/wp-json\/wp\/v2\/pages\/13\/revisions"}],"predecessor-version":[{"id":1242,"href":"https:\/\/healthwise.si\/en\/wp-json\/wp\/v2\/pages\/13\/revisions\/1242"}],"wp:attachment":[{"href":"https:\/\/healthwise.si\/en\/wp-json\/wp\/v2\/media?parent=13"}],"curies":[{"name":"wp","href":"https:\/\/api.w.org\/{rel}","templated":true}]}}